{"id":2925,"date":"2021-04-13T18:58:54","date_gmt":"2021-04-13T18:58:54","guid":{"rendered":"https:\/\/www.thefourtienda.com.bo\/?post_type=product&#038;p=2925"},"modified":"2021-04-26T23:47:56","modified_gmt":"2021-04-26T23:47:56","slug":"existe-mas","status":"publish","type":"product","link":"https:\/\/www.thefourtienda.com.bo\/?product=existe-mas","title":{"rendered":"Existe M\u00e1s"},"content":{"rendered":"","protected":false},"excerpt":{"rendered":"<p>Los tratados de las cuatro leyes espirituales (a\u00f1o 1952) bajo el nombre \u00abConocer a Dios personalmente\u00bb se tradujeron a m\u00e1s de 200 idiomas en 2013 y se imprimieron m\u00e1s de 2500 millones de veces. Esto la convierte, junto a la Biblia, en la escritura religiosa m\u00e1s extendida de todos los tiempos.<\/p>\n<p>\u00a1Hay m\u00e1s aqu\u00ed! Hemos renovado el contenido, lo hemos empaquetado en un hermoso dise\u00f1o y hemos agregado citas de personajes famosos. De modo que este folleto evangel\u00edstico ofrece una gu\u00eda maravillosa para buscar personas. Este folleto es para todos los que anhelan M\u00c1S.<\/p>\n","protected":false},"featured_media":2676,"comment_status":"open","ping_status":"closed","template":"","meta":[],"_links":{"self":[{"href":"https:\/\/www.thefourtienda.com.bo\/index.php?rest_route=\/wp\/v2\/product\/2925"}],"collection":[{"href":"https:\/\/www.thefourtienda.com.bo\/index.php?rest_route=\/wp\/v2\/product"}],"about":[{"href":"https:\/\/www.thefourtienda.com.bo\/index.php?rest_route=\/wp\/v2\/types\/product"}],"replies":[{"embeddable":true,"href":"https:\/\/www.thefourtienda.com.bo\/index.php?rest_route=%2Fwp%2Fv2%2Fcomments&post=2925"}],"version-history":[{"count":3,"href":"https:\/\/www.thefourtienda.com.bo\/index.php?rest_route=\/wp\/v2\/product\/2925\/revisions"}],"predecessor-version":[{"id":2976,"href":"https:\/\/www.thefourtienda.com.bo\/index.php?rest_route=\/wp\/v2\/product\/2925\/revisions\/2976"}],"wp:featuredmedia":[{"embeddable":true,"href":"https:\/\/www.thefourtienda.com.bo\/index.php?rest_route=\/wp\/v2\/media\/2676"}],"wp:attachment":[{"href":"https:\/\/www.thefourtienda.com.bo\/index.php?rest_route=%2Fwp%2Fv2%2Fmedia&parent=2925"}],"curies":[{"name":"wp","href":"https:\/\/api.w.org\/{rel}","templated":true}]}}