{"id":3115,"date":"2021-11-01T11:15:21","date_gmt":"2021-11-01T15:15:21","guid":{"rendered":"https:\/\/www.thefourtienda.com.bo\/?post_type=product&#038;p=3115"},"modified":"2024-07-31T17:41:45","modified_gmt":"2024-07-31T21:41:45","slug":"manual-entrenamiento-the-four","status":"publish","type":"product","link":"https:\/\/www.thefourtienda.com.bo\/?product=manual-entrenamiento-the-four","title":{"rendered":"Manual Entrenamiento THE FOUR"},"content":{"rendered":"","protected":false},"excerpt":{"rendered":"<div class=\"\" data-block=\"true\" data-editor=\"7gp26\" data-offset-key=\"4o898-0-0\">\n<div class=\"_1mf _1mj\" data-offset-key=\"4o898-0-0\"><span data-offset-key=\"4o898-0-0\">\u00a1Excelente que tengas este manual en tus manos!<\/span><\/div>\n<\/div>\n<div class=\"\" data-block=\"true\" data-editor=\"7gp26\" data-offset-key=\"8avss-0-0\">\n<div class=\"_1mf _1mj\" data-offset-key=\"8avss-0-0\"><span data-offset-key=\"8avss-0-0\">\u00dasalo t\u00fa solo, en un grupo o en un entrenamiento con THE FOUR. Este manual te ayudar\u00e1 a descubrir el contenido, el significado y las posibilidades de THE FOUR, de tal manera que cualquier persona pueda entender y compartir el evangelio \u00a1El mejor mensaje del mundo! Usando THE FOUR a trav\u00e9s de los ejercicios de entrenamiento interactivos y los pasos pr\u00e1cticos.<\/span><\/div>\n<\/div>\n<div class=\"\" data-block=\"true\" data-editor=\"7gp26\" data-offset-key=\"4upb-0-0\">\n<div class=\"_1mf _1mj\" data-offset-key=\"4upb-0-0\"><span data-offset-key=\"4upb-0-0\">Este manual quiere incentivar a vivir un estilo de vida que contagie tambi\u00e9n a otros y refleje la luz de Jes\u00fas.<\/span><\/div>\n<\/div>\n<div class=\"\" data-block=\"true\" data-editor=\"7gp26\" data-offset-key=\"7sff-0-0\">\n<div class=\"_1mf _1mj\" data-offset-key=\"7sff-0-0\"><span data-offset-key=\"7sff-0-0\">\u00a0<\/span><\/div>\n<\/div>\n<div class=\"\" data-block=\"true\" data-editor=\"7gp26\" data-offset-key=\"ca7gf-0-0\">\n<div class=\"_1mf _1mj\" data-offset-key=\"ca7gf-0-0\"><span data-offset-key=\"ca7gf-0-0\">Quit\u00e9monos todo peso que nos impida correr, especialmente el pecado que tan f\u00e1cilmente nos hace tropezar. Y corramos con perseverancia la carrera que Dios nos ha puesto por delante. esto lo hacemos al fijar la mirada en Jes\u00fas, el campe\u00f3n que inicia y perfecciona nuestra Fe.<\/span><\/div>\n<\/div>\n<div class=\"\" data-block=\"true\" data-editor=\"7gp26\" data-offset-key=\"2a5h3-0-0\">\n<div class=\"_1mf _1mj\" data-offset-key=\"2a5h3-0-0\"><span data-offset-key=\"2a5h3-0-0\">(NTV) Hebreos 12:1-2 <\/span><\/div>\n<\/div>\n","protected":false},"featured_media":3116,"comment_status":"open","ping_status":"closed","template":"","meta":[],"_links":{"self":[{"href":"https:\/\/www.thefourtienda.com.bo\/index.php?rest_route=\/wp\/v2\/product\/3115"}],"collection":[{"href":"https:\/\/www.thefourtienda.com.bo\/index.php?rest_route=\/wp\/v2\/product"}],"about":[{"href":"https:\/\/www.thefourtienda.com.bo\/index.php?rest_route=\/wp\/v2\/types\/product"}],"replies":[{"embeddable":true,"href":"https:\/\/www.thefourtienda.com.bo\/index.php?rest_route=%2Fwp%2Fv2%2Fcomments&post=3115"}],"version-history":[{"count":1,"href":"https:\/\/www.thefourtienda.com.bo\/index.php?rest_route=\/wp\/v2\/product\/3115\/revisions"}],"predecessor-version":[{"id":3117,"href":"https:\/\/www.thefourtienda.com.bo\/index.php?rest_route=\/wp\/v2\/product\/3115\/revisions\/3117"}],"wp:featuredmedia":[{"embeddable":true,"href":"https:\/\/www.thefourtienda.com.bo\/index.php?rest_route=\/wp\/v2\/media\/3116"}],"wp:attachment":[{"href":"https:\/\/www.thefourtienda.com.bo\/index.php?rest_route=%2Fwp%2Fv2%2Fmedia&parent=3115"}],"curies":[{"name":"wp","href":"https:\/\/api.w.org\/{rel}","templated":true}]}}